{"id":377,"date":"2019-04-02T02:29:08","date_gmt":"2019-04-02T02:29:08","guid":{"rendered":"https:\/\/edwardmoufarrej.com\/about-us\/"},"modified":"2021-02-18T00:28:15","modified_gmt":"2021-02-18T00:28:15","slug":"about-us","status":"publish","type":"page","link":"https:\/\/edwardmoufarrej.com\/fr\/about-us\/","title":{"rendered":"A PROPOS"},"content":{"rendered":"<div data-elementor-type=\"wp-post\" data-elementor-id=\"377\" class=\"elementor elementor-377\">\n\t\t\t\t\t\t<section class=\"elementor-section elementor-top-section elementor-element elementor-element-945ba98 elementor-section-content-bottom elementor-reverse-tablet elementor-reverse-mobile elementor-section-full_width elementor-section-height-full elementor-section-items-bottom elementor-section-height-default\" data-id=\"945ba98\" data-element_type=\"section\" data-settings=\"{&quot;background_background&quot;:&quot;classic&quot;}\">\n\t\t\t\t\t\t\t<div class=\"elementor-background-overlay\"><\/div>\n\t\t\t\t\t\t\t<div class=\"elementor-container elementor-column-gap-wider\">\n\t\t\t\t\t<div class=\"elementor-column elementor-col-50 elementor-top-column elementor-element elementor-element-062db5c\" data-id=\"062db5c\" data-element_type=\"column\">\n\t\t\t<div class=\"elementor-widget-wrap elementor-element-populated\">\n\t\t\t\t\t\t<div class=\"elementor-element elementor-element-8a70a1a elementor-widget elementor-widget-heading\" data-id=\"8a70a1a\" data-element_type=\"widget\" data-widget_type=\"heading.default\">\n\t\t\t\t<div class=\"elementor-widget-container\">\n\t\t\t\t\t<h2 class=\"elementor-heading-title elementor-size-default\">\u00c0 PROPOS<\/h2>\t\t\t\t<\/div>\n\t\t\t\t<\/div>\n\t\t\t\t<div class=\"elementor-element elementor-element-49c3cd3 elementor-widget-divider--view-line elementor-widget elementor-widget-divider\" data-id=\"49c3cd3\" data-element_type=\"widget\" data-widget_type=\"divider.default\">\n\t\t\t\t<div class=\"elementor-widget-container\">\n\t\t\t\t\t\t\t<div class=\"elementor-divider\">\n\t\t\t<span class=\"elementor-divider-separator\">\n\t\t\t\t\t\t<\/span>\n\t\t<\/div>\n\t\t\t\t\t\t<\/div>\n\t\t\t\t<\/div>\n\t\t\t\t\t<\/div>\n\t\t<\/div>\n\t\t\t\t<div class=\"elementor-column elementor-col-50 elementor-top-column elementor-element elementor-element-0d8d96a\" data-id=\"0d8d96a\" data-element_type=\"column\">\n\t\t\t<div class=\"elementor-widget-wrap\">\n\t\t\t\t\t\t\t<\/div>\n\t\t<\/div>\n\t\t\t\t\t<\/div>\n\t\t<\/section>\n\t\t\t\t<section class=\"elementor-section elementor-top-section elementor-element elementor-element-9811d28 elementor-section-boxed elementor-section-height-default elementor-section-height-default\" data-id=\"9811d28\" data-element_type=\"section\">\n\t\t\t\t\t\t<div class=\"elementor-container elementor-column-gap-default\">\n\t\t\t\t\t<div class=\"elementor-column elementor-col-100 elementor-top-column elementor-element elementor-element-56fca03\" data-id=\"56fca03\" data-element_type=\"column\">\n\t\t\t<div class=\"elementor-widget-wrap elementor-element-populated\">\n\t\t\t\t\t\t<div class=\"elementor-element elementor-element-03a1495 elementor-widget elementor-widget-heading\" data-id=\"03a1495\" data-element_type=\"widget\" data-widget_type=\"heading.default\">\n\t\t\t\t<div class=\"elementor-widget-container\">\n\t\t\t\t\t<h2 class=\"elementor-heading-title elementor-size-default\">PR\u00c9SENCE GLOBALE <\/h2>\t\t\t\t<\/div>\n\t\t\t\t<\/div>\n\t\t\t\t<div class=\"elementor-element elementor-element-02b42f9 elementor-widget elementor-widget-text-editor\" data-id=\"02b42f9\" data-element_type=\"widget\" data-widget_type=\"text-editor.default\">\n\t\t\t\t<div class=\"elementor-widget-container\">\n\t\t\t\t\t\t\t\t\t<p><span style=\"color: #000000; font-family: arial, sans-serif; font-size: 17px;\">Plus de 25 ans d'exp\u00e9rience mondiale dans la cr\u00e9ation de strat\u00e9gies gagnantes et leur ex\u00e9cution, dirigeant avec succ\u00e8s des organisations \u00e0 petite et grande \u00e9chelle avec des \u00e9quipes multinationales couvrant de vastes zones g\u00e9ographiques. Exp\u00e9rience ax\u00e9e principalement sur les industries de services, cr\u00e9ant une exp\u00e9rience client optimale pour maintenir constamment un bilan de performances exceptionnelles, g\u00e9n\u00e9rer de nouvelles activit\u00e9s et des r\u00e9f\u00e9rences tout en am\u00e9liorant les r\u00e9sultats et en faisant sourire les gens.\n\nEdward Moufarrej a toujours construit et inspir\u00e9 des \u00e9quipes pour atteindre des niveaux d'excellence plus \u00e9lev\u00e9s, souvent dans des environnements complexes et tr\u00e8s exigeants. Il a aid\u00e9 des hauts dirigeants des secteurs public et priv\u00e9 \u00e0 atteindre des objectifs ambitieux en promouvant un esprit de partenariat bas\u00e9 sur la confiance, la clart\u00e9, la qualit\u00e9 et le renforcement des capacit\u00e9s.\n\nEdward est un partisan de la \u00abth\u00e9orie \u00e9largir et construire\u00bb, avec une passion pour cr\u00e9er une spirale ascendante pour les gens autour de lui. Il a r\u00e9guli\u00e8rement stimul\u00e9 les \u00e9motions positives menant \u00e0 des processus de r\u00e9flexion plus ouverts, cr\u00e9atifs et flexibles, de meilleures relations sociales et un environnement sain et productif. Il a contribu\u00e9 au d\u00e9veloppement commercial de projets ambitieux, y compris et sans s'y limiter, l'immobilier, le tourisme, la vente au d\u00e9tail, la fabrication et la finance.\n \nEdward Moufarrej et son \u00e9quipe mettent \u00e0 votre disposition ces ann\u00e9es d'exp\u00e9rience et des comp\u00e9tences durement acquises pour comprendre de mani\u00e8re proactive vos besoins et d\u00e9passer vos attentes, que vous cherchiez \u00e0 vendre votre propri\u00e9t\u00e9, en acheter une nouvelle, r\u00e9nover \/ r\u00e9am\u00e9nager votre chez vous, trouvez l'hypoth\u00e8que qui vous convient le mieux\u2026 Et mettez-vous l'esprit tranquille, pour profiter de votre nouvelle entreprise de la meilleure fa\u00e7on possible, pendant qu'ils s'occupent des d\u00e9tails.\u00a0<\/span><span class=\"gmail_default\" style=\"color: #000000; font-family: arial, sans-serif; font-size: 17px;\">small and\u00a0<\/span><span style=\"color: #000000; font-family: arial, sans-serif; font-size: 17px;\">large scale organizations with multinational teams covering wide geographies. Experience focused mostly on\u00a0<\/span><span class=\"gmail_default\" style=\"color: #000000; font-family: arial, sans-serif; font-size: 17px;\">services industries, creating the optimal customer experience to\u00a0consistently sustain a track record of superlative performance, generate new and referral business while improving the bottom line and making people smile.\u00a0<\/span><\/p><div><span style=\"color: #000000; font-family: arial, sans-serif;\"><span class=\"gmail_default\">Edward Moufarrej<\/span>\u00a0has always built and inspired teams to reach higher levels of excellence, often within complex and highly demanding environments. He has helped senior leaders in the public and private sectors in reaching ambitious objectives through promoting a spirit of partnership based on trust, clarity, quality, and capability building.<\/span><br \/><span style=\"color: #000000; font-family: arial, sans-serif;\"><br \/><\/span><\/div><div><div class=\"gmail_default\"><span style=\"color: #000000; font-family: arial, sans-serif;\">Edward is an advocate of the \u201cBroaden-and-Build Theory\u201d, with a passion for creating an upward spiral for people around him. He has regularly boosted positive emotions leading to more open, creative, and flexible thinking processes, better social connections, and a healthy and productive environment. He has contributed to the business development of ambitious\u00a0projects, including and not limited to, Real Estate, Tourism, Retail, Manufacturing and Finance.\u00a0<\/span><\/div><div class=\"gmail_default\"><span style=\"color: #000000; font-family: arial, sans-serif;\">\u00a0<\/span><\/div><div class=\"gmail_default\"><span style=\"color: #000000; font-family: arial, sans-serif;\">Edward Moufarrej and his team are putting these years of experience and hard-earned skill sets at your disposal, to proactively understand your needs and exceed your expectations, whether you&#8217;re looking to sell your property, buy a new one, renovate\/revamp your home, find a the mortgage that suits you best&#8230; And put your mind at ease, to enjoy your new endeavor in the best way possible, while they take care of the details.\u00a0<\/span><\/div><\/div>\t\t\t\t\t\t\t\t<\/div>\n\t\t\t\t<\/div>\n\t\t\t\t\t<\/div>\n\t\t<\/div>\n\t\t\t\t\t<\/div>\n\t\t<\/section>\n\t\t\t\t<section class=\"elementor-section elementor-top-section elementor-element elementor-element-318f367 elementor-section-content-top elementor-section-full_width elementor-section-height-default elementor-section-height-default\" data-id=\"318f367\" data-element_type=\"section\" data-settings=\"{&quot;background_background&quot;:&quot;classic&quot;}\">\n\t\t\t\t\t\t\t<div class=\"elementor-background-overlay\"><\/div>\n\t\t\t\t\t\t\t<div class=\"elementor-container elementor-column-gap-no\">\n\t\t\t\t\t<div class=\"elementor-column elementor-col-100 elementor-top-column elementor-element elementor-element-9975e84\" data-id=\"9975e84\" data-element_type=\"column\">\n\t\t\t<div class=\"elementor-widget-wrap elementor-element-populated\">\n\t\t\t\t\t\t<div class=\"elementor-element elementor-element-aea13ad elementor-widget elementor-widget-image\" data-id=\"aea13ad\" data-element_type=\"widget\" data-widget_type=\"image.default\">\n\t\t\t\t<div class=\"elementor-widget-container\">\n\t\t\t\t\t\t\t\t\t\t\t\t\t\t\t<img fetchpriority=\"high\" decoding=\"async\" width=\"345\" height=\"450\" src=\"https:\/\/edwardmoufarrej.com\/wp-content\/uploads\/2021\/01\/eddiesymbad.jpg\" class=\"attachment-2048x2048 size-2048x2048 wp-image-490\" alt=\"\" srcset=\"https:\/\/edwardmoufarrej.com\/wp-content\/uploads\/2021\/01\/eddiesymbad.jpg 345w, https:\/\/edwardmoufarrej.com\/wp-content\/uploads\/2021\/01\/eddiesymbad-230x300.jpg 230w\" sizes=\"(max-width: 345px) 100vw, 345px\" \/>\t\t\t\t\t\t\t\t\t\t\t\t\t\t\t<\/div>\n\t\t\t\t<\/div>\n\t\t\t\t\t<\/div>\n\t\t<\/div>\n\t\t\t\t\t<\/div>\n\t\t<\/section>\n\t\t\t\t<section class=\"elementor-section elementor-top-section elementor-element elementor-element-27d0f6b elementor-section-boxed elementor-section-height-default elementor-section-height-default\" data-id=\"27d0f6b\" data-element_type=\"section\">\n\t\t\t\t\t\t<div class=\"elementor-container elementor-column-gap-default\">\n\t\t\t\t\t<div class=\"elementor-column elementor-col-100 elementor-top-column elementor-element elementor-element-7f3be46\" data-id=\"7f3be46\" data-element_type=\"column\">\n\t\t\t<div class=\"elementor-widget-wrap elementor-element-populated\">\n\t\t\t\t\t\t<div class=\"elementor-element elementor-element-5b5f7a0 elementor-widget elementor-widget-heading\" data-id=\"5b5f7a0\" data-element_type=\"widget\" data-widget_type=\"heading.default\">\n\t\t\t\t<div class=\"elementor-widget-container\">\n\t\t\t\t\t<h2 class=\"elementor-heading-title elementor-size-xl\">NOTRE MISSION<\/h2>\t\t\t\t<\/div>\n\t\t\t\t<\/div>\n\t\t\t\t\t<\/div>\n\t\t<\/div>\n\t\t\t\t\t<\/div>\n\t\t<\/section>\n\t\t\t\t<section class=\"elementor-section elementor-top-section elementor-element elementor-element-eb845d0 elementor-section-content-top elementor-section-boxed elementor-section-height-default elementor-section-height-default\" data-id=\"eb845d0\" data-element_type=\"section\">\n\t\t\t\t\t\t<div class=\"elementor-container elementor-column-gap-no\">\n\t\t\t\t\t<div class=\"elementor-column elementor-col-100 elementor-top-column elementor-element elementor-element-caf2303\" data-id=\"caf2303\" data-element_type=\"column\">\n\t\t\t<div class=\"elementor-widget-wrap elementor-element-populated\">\n\t\t\t\t\t\t<section class=\"elementor-section elementor-inner-section elementor-element elementor-element-4590c26 elementor-section-content-top elementor-section-boxed elementor-section-height-default elementor-section-height-default\" data-id=\"4590c26\" data-element_type=\"section\">\n\t\t\t\t\t\t<div class=\"elementor-container elementor-column-gap-no\">\n\t\t\t\t\t<div class=\"elementor-column elementor-col-50 elementor-inner-column elementor-element elementor-element-514ff30\" data-id=\"514ff30\" data-element_type=\"column\">\n\t\t\t<div class=\"elementor-widget-wrap elementor-element-populated\">\n\t\t\t\t\t\t<div class=\"elementor-element elementor-element-83adcf1 elementor-widget elementor-widget-text-editor\" data-id=\"83adcf1\" data-element_type=\"widget\" data-widget_type=\"text-editor.default\">\n\t\t\t\t<div class=\"elementor-widget-container\">\n\t\t\t\t\t\t\t\t\t<ul><li>\u00a0Nous prenons des d\u00e9cisions et agissons dans le meilleur int\u00e9r\u00eat de nos clients, m\u00eame face \u00e0 l'adversit\u00e9 personnelle ou professionnelle.\n Nous nous effor\u00e7ons de collaborer avec nos clients pour leur offrir la meilleure exp\u00e9rience lors de l'achat d'une nouvelle maison.\n\u00catre transparent est une qualit\u00e9 que nous esp\u00e9rons faire ressortir pour vous rassurer et vous sentir \u00e0 l'aise.\nTravailler avec un haut niveau de responsabilit\u00e9, en prenant pleinement en charge la r\u00e9alisation de notre engagement envers l'excellence.\nGuider nos clients \u00e0 travers ce qui peut \u00eatre un processus stressant et \u00e9motionnel.\nTraitez nos clients avec dignit\u00e9 et respect en tout temps.\nEx\u00e9cuter rapidement pour r\u00e9pondre aux besoins de nos clients.\nOffrir uniquement l'excellence et viser \u00e0 d\u00e9passer les attentes dans tout ce que nous faisons.<\/li><li><span style=\"font-size: 17px;\">\u00a0We thrive to collaborate with our clients to offer them the best experience while buying a new home.\u00a0<\/span><\/li><li>To be transparent is a quality we hope to bring out to make you feel reassured and comfortable.<\/li><\/ul>\t\t\t\t\t\t\t\t<\/div>\n\t\t\t\t<\/div>\n\t\t\t\t\t<\/div>\n\t\t<\/div>\n\t\t\t\t<div class=\"elementor-column elementor-col-50 elementor-inner-column elementor-element elementor-element-beb4f21\" data-id=\"beb4f21\" data-element_type=\"column\">\n\t\t\t<div class=\"elementor-widget-wrap elementor-element-populated\">\n\t\t\t\t\t\t<div class=\"elementor-element elementor-element-273ef20 elementor-widget elementor-widget-text-editor\" data-id=\"273ef20\" data-element_type=\"widget\" data-widget_type=\"text-editor.default\">\n\t\t\t\t<div class=\"elementor-widget-container\">\n\t\t\t\t\t\t\t\t\t<ul>\n<li>Operate with a high level of acountabilty, taking full ownership in delivering on our commitment to excellence.<\/li>\n<li>Guide our clients through what can be a stressful and emotional process.<\/li>\n<li>Treat our clients with dignity and respect at all times.<\/li>\n<li>Execute expeditiously to address our clients&#8217; needs.<\/li>\n<li>Deliver only excellence and aim to exceed expectations in everything we do.&nbsp;<\/li>\n<\/ul>\t\t\t\t\t\t\t\t<\/div>\n\t\t\t\t<\/div>\n\t\t\t\t\t<\/div>\n\t\t<\/div>\n\t\t\t\t\t<\/div>\n\t\t<\/section>\n\t\t\t\t\t<\/div>\n\t\t<\/div>\n\t\t\t\t\t<\/div>\n\t\t<\/section>\n\t\t\t\t<\/div>","protected":false},"excerpt":{"rendered":"<p>About us GLOBAL PRESENCE Over 25 years of global experience in creating winning strategies and executing them, successfully leading\u00a0small and\u00a0large scale organizations with multinational teams covering wide geographies. Experience focused mostly on\u00a0services industries, creating the optimal customer experience to\u00a0consistently sustain a track record of superlative performance, generate new and referral business while improving the bottom &hellip;<\/p>\n<p class=\"read-more\"> <a class=\"\" href=\"https:\/\/edwardmoufarrej.com\/fr\/about-us\/\"> <span class=\"screen-reader-text\">A PROPOS<\/span> Lire la suite\u00a0\u00bb<\/a><\/p>","protected":false},"author":1,"featured_media":0,"parent":0,"menu_order":0,"comment_status":"closed","ping_status":"closed","template":"","meta":{"footnotes":""},"class_list":["post-377","page","type-page","status-publish","hentry"],"_links":{"self":[{"href":"https:\/\/edwardmoufarrej.com\/fr\/wp-json\/wp\/v2\/pages\/377","targetHints":{"allow":["GET"]}}],"collection":[{"href":"https:\/\/edwardmoufarrej.com\/fr\/wp-json\/wp\/v2\/pages"}],"about":[{"href":"https:\/\/edwardmoufarrej.com\/fr\/wp-json\/wp\/v2\/types\/page"}],"author":[{"embeddable":true,"href":"https:\/\/edwardmoufarrej.com\/fr\/wp-json\/wp\/v2\/users\/1"}],"replies":[{"embeddable":true,"href":"https:\/\/edwardmoufarrej.com\/fr\/wp-json\/wp\/v2\/comments?post=377"}],"version-history":[{"count":135,"href":"https:\/\/edwardmoufarrej.com\/fr\/wp-json\/wp\/v2\/pages\/377\/revisions"}],"predecessor-version":[{"id":2119,"href":"https:\/\/edwardmoufarrej.com\/fr\/wp-json\/wp\/v2\/pages\/377\/revisions\/2119"}],"wp:attachment":[{"href":"https:\/\/edwardmoufarrej.com\/fr\/wp-json\/wp\/v2\/media?parent=377"}],"curies":[{"name":"wp","href":"https:\/\/api.w.org\/{rel}","templated":true}]}}