{"id":20,"date":"2019-04-02T02:36:18","date_gmt":"2019-04-02T02:36:18","guid":{"rendered":"https:\/\/edwardmoufarrej.com\/faq\/"},"modified":"2021-02-17T03:48:26","modified_gmt":"2021-02-17T03:48:26","slug":"faq","status":"publish","type":"page","link":"https:\/\/edwardmoufarrej.com\/fr\/faq\/","title":{"rendered":"Q&amp;R"},"content":{"rendered":"<div data-elementor-type=\"wp-page\" data-elementor-id=\"20\" class=\"elementor elementor-20\">\n\t\t\t\t\t\t<section class=\"elementor-section elementor-top-section elementor-element elementor-element-49b0eed elementor-section-content-top elementor-reverse-tablet elementor-reverse-mobile elementor-section-full_width elementor-section-height-min-height elementor-section-stretched elementor-section-height-default elementor-section-items-middle\" data-id=\"49b0eed\" data-element_type=\"section\" data-settings=\"{&quot;background_background&quot;:&quot;classic&quot;,&quot;stretch_section&quot;:&quot;section-stretched&quot;}\">\n\t\t\t\t\t\t\t<div class=\"elementor-background-overlay\"><\/div>\n\t\t\t\t\t\t\t<div class=\"elementor-container elementor-column-gap-custom\">\n\t\t\t\t\t<div class=\"elementor-column elementor-col-100 elementor-top-column elementor-element elementor-element-a5346cc\" data-id=\"a5346cc\" data-element_type=\"column\">\n\t\t\t<div class=\"elementor-widget-wrap elementor-element-populated\">\n\t\t\t\t\t\t<div class=\"elementor-element elementor-element-b44fceb elementor-widget elementor-widget-heading\" data-id=\"b44fceb\" data-element_type=\"widget\" data-widget_type=\"heading.default\">\n\t\t\t\t<div class=\"elementor-widget-container\">\n\t\t\t\t\t<h1 class=\"elementor-heading-title elementor-size-xxl\">Q&amp;R<\/h1>\t\t\t\t<\/div>\n\t\t\t\t<\/div>\n\t\t\t\t<div class=\"elementor-element elementor-element-b2488d4 elementor-widget-mobile__width-inherit elementor-absolute elementor-widget-divider--view-line elementor-widget elementor-widget-divider\" data-id=\"b2488d4\" data-element_type=\"widget\" data-settings=\"{&quot;_position&quot;:&quot;absolute&quot;}\" data-widget_type=\"divider.default\">\n\t\t\t\t<div class=\"elementor-widget-container\">\n\t\t\t\t\t\t\t<div class=\"elementor-divider\">\n\t\t\t<span class=\"elementor-divider-separator\">\n\t\t\t\t\t\t<\/span>\n\t\t<\/div>\n\t\t\t\t\t\t<\/div>\n\t\t\t\t<\/div>\n\t\t\t\t\t<\/div>\n\t\t<\/div>\n\t\t\t\t\t<\/div>\n\t\t<\/section>\n\t\t\t\t<section class=\"elementor-section elementor-top-section elementor-element elementor-element-9540715 elementor-section-content-top elementor-section-boxed elementor-section-height-default elementor-section-height-default\" data-id=\"9540715\" data-element_type=\"section\" data-settings=\"{&quot;background_background&quot;:&quot;classic&quot;}\">\n\t\t\t\t\t\t\t<div class=\"elementor-background-overlay\"><\/div>\n\t\t\t\t\t\t\t<div class=\"elementor-container elementor-column-gap-no\">\n\t\t\t\t\t<div class=\"elementor-column elementor-col-100 elementor-top-column elementor-element elementor-element-c985e16\" data-id=\"c985e16\" data-element_type=\"column\">\n\t\t\t<div class=\"elementor-widget-wrap elementor-element-populated\">\n\t\t\t\t\t\t<div class=\"elementor-element elementor-element-c58168a elementor-widget elementor-widget-heading\" data-id=\"c58168a\" data-element_type=\"widget\" data-widget_type=\"heading.default\">\n\t\t\t\t<div class=\"elementor-widget-container\">\n\t\t\t\t\t<h2 class=\"elementor-heading-title elementor-size-default\">QUESTIONS ET R\u00c9PONSES<\/h2>\t\t\t\t<\/div>\n\t\t\t\t<\/div>\n\t\t\t\t<div class=\"elementor-element elementor-element-10b8b31 elementor-widget-divider--view-line elementor-widget elementor-widget-divider\" data-id=\"10b8b31\" data-element_type=\"widget\" data-widget_type=\"divider.default\">\n\t\t\t\t<div class=\"elementor-widget-container\">\n\t\t\t\t\t\t\t<div class=\"elementor-divider\">\n\t\t\t<span class=\"elementor-divider-separator\">\n\t\t\t\t\t\t<\/span>\n\t\t<\/div>\n\t\t\t\t\t\t<\/div>\n\t\t\t\t<\/div>\n\t\t\t\t<section class=\"elementor-section elementor-inner-section elementor-element elementor-element-0abcb9b elementor-section-content-top elementor-section-boxed elementor-section-height-default elementor-section-height-default\" data-id=\"0abcb9b\" data-element_type=\"section\">\n\t\t\t\t\t\t<div class=\"elementor-container elementor-column-gap-no\">\n\t\t\t\t\t<div class=\"elementor-column elementor-col-50 elementor-inner-column elementor-element elementor-element-0664243\" data-id=\"0664243\" data-element_type=\"column\">\n\t\t\t<div class=\"elementor-widget-wrap elementor-element-populated\">\n\t\t\t\t\t\t<div class=\"elementor-element elementor-element-b091d12 elementor-widget elementor-widget-heading\" data-id=\"b091d12\" data-element_type=\"widget\" data-widget_type=\"heading.default\">\n\t\t\t\t<div class=\"elementor-widget-container\">\n\t\t\t\t\t<h5 class=\"elementor-heading-title elementor-size-default\">Que se passe-t-il si je vends ma propri\u00e9t\u00e9 sans courtier immobilier?<\/h5>\t\t\t\t<\/div>\n\t\t\t\t<\/div>\n\t\t\t\t<div class=\"elementor-element elementor-element-3e9afc8 elementor-widget elementor-widget-text-editor\" data-id=\"3e9afc8\" data-element_type=\"widget\" data-widget_type=\"text-editor.default\">\n\t\t\t\t<div class=\"elementor-widget-container\">\n\t\t\t\t\t\t\t\t\t<p><strong><span style=\"color: #09478a;\">1- Vous pouvez \u00eatre fraud\u00e9.<\/span><\/strong><\/p>\n<p><strong><span style=\"color: #09478a;\">2- Vous pouvez rencontrer une pl\u00e9thore de probl\u00e8mes juridiques qui peuvent entra\u00eener des fermetures, des poursuites judiciaires et des compensations de l'acheteur.<\/span><\/strong><\/p>\n<p><strong><span style=\"color: #09478a;\">&nbsp;3- vous vendez votre propri\u00e9t\u00e9 de valeur moins que la valeur du marcher.&nbsp;<\/span><\/strong><\/p>\t\t\t\t\t\t\t\t<\/div>\n\t\t\t\t<\/div>\n\t\t\t\t<div class=\"elementor-element elementor-element-4f0a94e elementor-widget elementor-widget-heading\" data-id=\"4f0a94e\" data-element_type=\"widget\" data-widget_type=\"heading.default\">\n\t\t\t\t<div class=\"elementor-widget-container\">\n\t\t\t\t\t<h5 class=\"elementor-heading-title elementor-size-default\">De quel type de pointage de cr\u00e9dit ai-je besoin pour acheter une maison?<\/h5>\t\t\t\t<\/div>\n\t\t\t\t<\/div>\n\t\t\t\t<div class=\"elementor-element elementor-element-83eda92 elementor-widget elementor-widget-text-editor\" data-id=\"83eda92\" data-element_type=\"widget\" data-widget_type=\"text-editor.default\">\n\t\t\t\t<div class=\"elementor-widget-container\">\n\t\t\t\t\t\t\t\t\t<p><strong><span style=\"color: #09478a;\">La plupart des programmes de pr\u00eat exigent un score FICO de 640 ou mieux. Les emprunteurs dont les SCORES DE CR\u00c9DIT sont plus \u00e9lev\u00e9s repr\u00e9sentent moins de risques pour le pr\u00eateur, ce qui se traduit souvent par une r\u00e9duction de la mise de fonds et un meilleur taux d'int\u00e9r\u00eat.<\/span><\/strong><\/p>\t\t\t\t\t\t\t\t<\/div>\n\t\t\t\t<\/div>\n\t\t\t\t<div class=\"elementor-element elementor-element-75860d3 elementor-widget elementor-widget-heading\" data-id=\"75860d3\" data-element_type=\"widget\" data-widget_type=\"heading.default\">\n\t\t\t\t<div class=\"elementor-widget-container\">\n\t\t\t\t\t<h5 class=\"elementor-heading-title elementor-size-default\">C'EST QUOI UN PR\u00c9-APPROUV\u00c9?<\/h5>\t\t\t\t<\/div>\n\t\t\t\t<\/div>\n\t\t\t\t<div class=\"elementor-element elementor-element-ddaccf7 elementor-widget elementor-widget-text-editor\" data-id=\"ddaccf7\" data-element_type=\"widget\" data-widget_type=\"text-editor.default\">\n\t\t\t\t<div class=\"elementor-widget-container\">\n\t\t\t\t\t\t\t\t\t<p><strong><span style=\"color: #09478a;\">Une bonne fa\u00e7on de savoir si vous recevrez une approbation hypoth\u00e9caire avant de pr\u00e9senter une demande consiste \u00e0 obtenir une approbation pr\u00e9alable, ce que la plupart des propri\u00e9taires potentiels feront 60 \u00e0 120 jours avant qu'ils envisagent d'acheter une maison.<\/span><\/strong><\/p><p><strong><span style=\"color: #09478a;\">Il est important de comprendre ici que la pr\u00e9-approbation est facultative et ne garantit pas r\u00e9ellement que vous serez approuv\u00e9 pour le montant pour lequel vous avez \u00e9t\u00e9 pr\u00e9-approuv\u00e9 en premier lieu. C'est aussi un moyen de conna\u00eetre votre v\u00e9ritable fourchette de prix et de montrer \u00e0 votre pr\u00eateur que vous \u00eates s\u00e9rieux au sujet de l'achat d'une maison.<\/span><\/strong><\/p>\t\t\t\t\t\t\t\t<\/div>\n\t\t\t\t<\/div>\n\t\t\t\t<div class=\"elementor-element elementor-element-1c9b552 elementor-widget elementor-widget-heading\" data-id=\"1c9b552\" data-element_type=\"widget\" data-widget_type=\"heading.default\">\n\t\t\t\t<div class=\"elementor-widget-container\">\n\t\t\t\t\t<h5 class=\"elementor-heading-title elementor-size-default\">de combien ai-je besoin COMME PREMIER PAYEMENT pour ACHETER UNE MAISON?<\/h5>\t\t\t\t<\/div>\n\t\t\t\t<\/div>\n\t\t\t\t<div class=\"elementor-element elementor-element-bb010f1 elementor-widget elementor-widget-text-editor\" data-id=\"bb010f1\" data-element_type=\"widget\" data-widget_type=\"text-editor.default\">\n\t\t\t\t<div class=\"elementor-widget-container\">\n\t\t\t\t\t\t\t\t\t<p><strong><span style=\"color: #09478a;\">Pour devenir propri\u00e9taire au Qu\u00e9bec, il faut effectuer un acompte d\u2019au moins 5% sur le prix d\u2019achat de la propri\u00e9t\u00e9.<\/span><\/strong><\/p>\t\t\t\t\t\t\t\t<\/div>\n\t\t\t\t<\/div>\n\t\t\t\t<div class=\"elementor-element elementor-element-32e232d elementor-widget elementor-widget-heading\" data-id=\"32e232d\" data-element_type=\"widget\" data-widget_type=\"heading.default\">\n\t\t\t\t<div class=\"elementor-widget-container\">\n\t\t\t\t\t<h5 class=\"elementor-heading-title elementor-size-default\">devrais-je commander une inspection de la maison avant d'acheter?<\/h5>\t\t\t\t<\/div>\n\t\t\t\t<\/div>\n\t\t\t\t<div class=\"elementor-element elementor-element-e977519 elementor-widget elementor-widget-text-editor\" data-id=\"e977519\" data-element_type=\"widget\" data-widget_type=\"text-editor.default\">\n\t\t\t\t<div class=\"elementor-widget-container\">\n\t\t\t\t\t\t\t\t\t<p><strong><span style=\"color: #09478a;\">OUI! En fin de compte, la raison la plus importante pour une inspection de la maison avant d'acheter est de vraiment savoir ce que vous achetez. Les inspecteurs en b\u00e2timent peuvent vous aider \u00e0 prendre une d\u00e9cision en fonction de votre budget actuel ainsi que de votre investissement futur en temps et en argent.\u00a0<\/span><\/strong><\/p>\t\t\t\t\t\t\t\t<\/div>\n\t\t\t\t<\/div>\n\t\t\t\t\t<\/div>\n\t\t<\/div>\n\t\t\t\t<div class=\"elementor-column elementor-col-50 elementor-inner-column elementor-element elementor-element-34cdf45\" data-id=\"34cdf45\" data-element_type=\"column\">\n\t\t\t<div class=\"elementor-widget-wrap elementor-element-populated\">\n\t\t\t\t\t\t<div class=\"elementor-element elementor-element-d2f7f42 elementor-widget elementor-widget-heading\" data-id=\"d2f7f42\" data-element_type=\"widget\" data-widget_type=\"heading.default\">\n\t\t\t\t<div class=\"elementor-widget-container\">\n\t\t\t\t\t<h5 class=\"elementor-heading-title elementor-size-default\">Quels sont les co\u00fbts habituellement associ\u00e9s \u00e0 l'achat d'une propri\u00e9t\u00e9 \u00e0 Montr\u00e9al?<\/h5>\t\t\t\t<\/div>\n\t\t\t\t<\/div>\n\t\t\t\t<div class=\"elementor-element elementor-element-76d5512 elementor-widget elementor-widget-text-editor\" data-id=\"76d5512\" data-element_type=\"widget\" data-widget_type=\"text-editor.default\">\n\t\t\t\t<div class=\"elementor-widget-container\">\n\t\t\t\t\t\t\t\t\t<p><span style=\"color: #09478a;\"><strong>Trois points importants \u00e0 consid\u00e9rer:<\/strong><\/span><\/p>\n<p><span style=\"color: #09478a;\"><strong>1- Les frais d'inspecteur, qui peuvent varier de 300 $ \u00e0 600 $ selon la grandeur de la propri\u00e9t\u00e9.<\/strong><\/span><\/p>\n<p><span style=\"color: #09478a;\"><strong>2- Frais de notaire d'environ $900 \u00e0 $1300<\/strong><\/span><\/p>\n<p><span style=\"color: #09478a;\"><strong>3- TAXE de bienvenue, r\u00e9partie comme suit:<\/strong><\/span><\/p>\n<p><span style=\"color: #09478a;\"><strong>&nbsp; &nbsp;- 0.5% pour le montant entre $50.000 et $250.000.<\/strong><\/span><\/p>\n<p><span style=\"color: #09478a;\"><strong>&nbsp; &nbsp;&#8211; 1% of the amount between $250000-$500,000.<\/strong><\/span><\/p>\n<p><span style=\"color: #09478a;\"><strong>&nbsp; &nbsp;- 2% pour le montant entre $250.000 et $500.000<\/strong><\/span><\/p>\n<p><span style=\"color: #09478a;\"><strong>&nbsp; &nbsp;- 2.5% pour le montant plus que $1.000.000&nbsp;<\/strong><\/span><\/p>\n<p><span style=\"color: #09478a;\"><strong>Veuillez noter: Au Qu\u00e9bec, le calcul varie d'une ville \u00e0 l'autre.<\/strong><\/span><\/p>\t\t\t\t\t\t\t\t<\/div>\n\t\t\t\t<\/div>\n\t\t\t\t<div class=\"elementor-element elementor-element-2329770 elementor-widget elementor-widget-heading\" data-id=\"2329770\" data-element_type=\"widget\" data-widget_type=\"heading.default\">\n\t\t\t\t<div class=\"elementor-widget-container\">\n\t\t\t\t\t<h5 class=\"elementor-heading-title elementor-size-default\">comment puis-je obtenir l'argent pour la mise de fond?<\/h5>\t\t\t\t<\/div>\n\t\t\t\t<\/div>\n\t\t\t\t<div class=\"elementor-element elementor-element-56fb760 elementor-widget elementor-widget-text-editor\" data-id=\"56fb760\" data-element_type=\"widget\" data-widget_type=\"text-editor.default\">\n\t\t\t\t<div class=\"elementor-widget-container\">\n\t\t\t\t\t\t\t\t\t<p><span style=\"color: #09478a;\"><strong>La mise de fonds peut provenir de votre \u00e9pargne en esp\u00e8ces, de votre investissement, d'un don, d'un h\u00e9ritage ou m\u00eame de vos fonds REER.<\/strong><\/span><\/p><p><strong><span style=\"color: #09478a;\">Avez-vous pens\u00e9 au r\u00e9gime d'accession \u00e0 la propri\u00e9t\u00e9 (RAP)? c\u2019est un programme du gouvernement f\u00e9d\u00e9ral con\u00e7u pour rendre l\u2019achat d\u2019une maison accessible au m\u00e9nage moyen. Si vous avez un REER, vous pourriez profiter de l'avantage et retirer jusqu'\u00e0 35 000 $ \u00e0 utiliser comme mise de fonds. Note gentille:<\/span><\/strong><\/p><ul><li><strong>- Le retrait n'est pas imposable.<\/strong><\/li><li><strong>-Vous devez commencer \u00e0 rembourser votre REER a partire de la deuxi\u00e8me ann\u00e9e suivant le retrait.<\/strong><\/li><li><strong><strong>- Vous avez 15 ans pour rembourser ce que vous avez retir\u00e9.<br \/>(Certaines conditions s'appliquent)<\/strong><\/strong><p>\u00a0<\/p><\/li><\/ul>\t\t\t\t\t\t\t\t<\/div>\n\t\t\t\t<\/div>\n\t\t\t\t<div class=\"elementor-element elementor-element-1757d2c elementor-widget elementor-widget-heading\" data-id=\"1757d2c\" data-element_type=\"widget\" data-widget_type=\"heading.default\">\n\t\t\t\t<div class=\"elementor-widget-container\">\n\t\t\t\t\t<h5 class=\"elementor-heading-title elementor-size-default\">acheter une premi\u00e8re maison: 7 \u00e9tapes \u00e0 suivre<\/h5>\t\t\t\t<\/div>\n\t\t\t\t<\/div>\n\t\t\t\t<div class=\"elementor-element elementor-element-80b3698 elementor-widget elementor-widget-text-editor\" data-id=\"80b3698\" data-element_type=\"widget\" data-widget_type=\"text-editor.default\">\n\t\t\t\t<div class=\"elementor-widget-container\">\n\t\t\t\t\t\t\t\t\t<ol><li><strong><span style=\"color: #09478a;\">Calculez votre capacit\u00e9 d'emprunt<\/span><\/strong><\/li><li><strong>D\u00e9terminez votre mise de fonds<\/strong><\/li><li><strong>Pr\u00e9voyez des co\u00fbts suppl\u00e9mentaires<\/strong><\/li><li><strong>Demander une pr\u00e9approbation hypoth\u00e9caire<\/strong><\/li><li><strong>Trouvez votre maison<\/strong><\/li><li><strong>Pr\u00e9sentez votre offre<\/strong><\/li><li><strong>Obtenez votre pr\u00eat hypoth\u00e9caire<\/strong><\/li><\/ol>\t\t\t\t\t\t\t\t<\/div>\n\t\t\t\t<\/div>\n\t\t\t\t\t<\/div>\n\t\t<\/div>\n\t\t\t\t\t<\/div>\n\t\t<\/section>\n\t\t\t\t\t<\/div>\n\t\t<\/div>\n\t\t\t\t\t<\/div>\n\t\t<\/section>\n\t\t\t\t<section class=\"elementor-section elementor-top-section elementor-element elementor-element-8d60fc9 elementor-section-full_width elementor-section-content-top elementor-section-height-default elementor-section-height-default\" data-id=\"8d60fc9\" data-element_type=\"section\" data-settings=\"{&quot;background_background&quot;:&quot;classic&quot;}\">\n\t\t\t\t\t\t<div class=\"elementor-container elementor-column-gap-no\">\n\t\t\t\t\t<div class=\"elementor-column elementor-col-100 elementor-top-column elementor-element elementor-element-d27946d\" data-id=\"d27946d\" data-element_type=\"column\">\n\t\t\t<div class=\"elementor-widget-wrap elementor-element-populated\">\n\t\t\t\t\t\t<div class=\"elementor-element elementor-element-a23498e elementor-widget elementor-widget-heading\" data-id=\"a23498e\" data-element_type=\"widget\" data-widget_type=\"heading.default\">\n\t\t\t\t<div class=\"elementor-widget-container\">\n\t\t\t\t\t<h3 class=\"elementor-heading-title elementor-size-default\">POUR PLUS D'INFORMATIONS, N'H\u00c9SITEZ PAS \u00c0 NOUS CONTACTER<\/h3>\t\t\t\t<\/div>\n\t\t\t\t<\/div>\n\t\t\t\t<div class=\"elementor-element elementor-element-23ef661 elementor-widget-divider--view-line elementor-widget elementor-widget-divider\" data-id=\"23ef661\" data-element_type=\"widget\" data-widget_type=\"divider.default\">\n\t\t\t\t<div class=\"elementor-widget-container\">\n\t\t\t\t\t\t\t<div class=\"elementor-divider\">\n\t\t\t<span class=\"elementor-divider-separator\">\n\t\t\t\t\t\t<\/span>\n\t\t<\/div>\n\t\t\t\t\t\t<\/div>\n\t\t\t\t<\/div>\n\t\t\t\t<section class=\"elementor-section elementor-inner-section elementor-element elementor-element-ef8029a elementor-section-boxed elementor-section-height-default elementor-section-height-default\" data-id=\"ef8029a\" data-element_type=\"section\">\n\t\t\t\t\t\t<div class=\"elementor-container elementor-column-gap-no\">\n\t\t\t\t\t<div class=\"elementor-column elementor-col-100 elementor-inner-column elementor-element elementor-element-293828c\" data-id=\"293828c\" data-element_type=\"column\">\n\t\t\t<div class=\"elementor-widget-wrap elementor-element-populated\">\n\t\t\t\t\t\t<div class=\"elementor-element elementor-element-4604715 elementor-align-center elementor-widget elementor-widget-button\" data-id=\"4604715\" data-element_type=\"widget\" data-widget_type=\"button.default\">\n\t\t\t\t<div class=\"elementor-widget-container\">\n\t\t\t\t\t\t\t\t\t<div class=\"elementor-button-wrapper\">\n\t\t\t\t\t<a class=\"elementor-button elementor-button-link elementor-size-lg\" href=\"https:\/\/edwardmoufarrej.com\/fr\/contact\/\" target=\"_blank\" contact=\"\" id=\"CONTACT ME\">\n\t\t\t\t\t\t<span class=\"elementor-button-content-wrapper\">\n\t\t\t\t\t\t\t\t\t<span class=\"elementor-button-text\">CONTACTER NOUS<\/span>\n\t\t\t\t\t<\/span>\n\t\t\t\t\t<\/a>\n\t\t\t\t<\/div>\n\t\t\t\t\t\t\t\t<\/div>\n\t\t\t\t<\/div>\n\t\t\t\t\t<\/div>\n\t\t<\/div>\n\t\t\t\t\t<\/div>\n\t\t<\/section>\n\t\t\t\t\t<\/div>\n\t\t<\/div>\n\t\t\t\t\t<\/div>\n\t\t<\/section>\n\t\t\t\t<\/div>","protected":false},"excerpt":{"rendered":"<p>FAQ Frequently Asked Questions What happend if i sell my property without a real estate broker? 1- You can be defrauded. 2- You can encouter a plethora of legal problems wich may result in failed closings, lawsuits and compensations of the buyer. &nbsp;3- you sell for less than the property is worth.&nbsp; What kind of &hellip;<\/p>\n<p class=\"read-more\"> <a class=\"\" href=\"https:\/\/edwardmoufarrej.com\/fr\/faq\/\"> <span class=\"screen-reader-text\">Q&amp;R<\/span> Lire la suite\u00a0\u00bb<\/a><\/p>","protected":false},"author":1,"featured_media":0,"parent":0,"menu_order":0,"comment_status":"closed","ping_status":"closed","template":"","meta":{"footnotes":""},"class_list":["post-20","page","type-page","status-publish","hentry"],"_links":{"self":[{"href":"https:\/\/edwardmoufarrej.com\/fr\/wp-json\/wp\/v2\/pages\/20","targetHints":{"allow":["GET"]}}],"collection":[{"href":"https:\/\/edwardmoufarrej.com\/fr\/wp-json\/wp\/v2\/pages"}],"about":[{"href":"https:\/\/edwardmoufarrej.com\/fr\/wp-json\/wp\/v2\/types\/page"}],"author":[{"embeddable":true,"href":"https:\/\/edwardmoufarrej.com\/fr\/wp-json\/wp\/v2\/users\/1"}],"replies":[{"embeddable":true,"href":"https:\/\/edwardmoufarrej.com\/fr\/wp-json\/wp\/v2\/comments?post=20"}],"version-history":[{"count":141,"href":"https:\/\/edwardmoufarrej.com\/fr\/wp-json\/wp\/v2\/pages\/20\/revisions"}],"predecessor-version":[{"id":2109,"href":"https:\/\/edwardmoufarrej.com\/fr\/wp-json\/wp\/v2\/pages\/20\/revisions\/2109"}],"wp:attachment":[{"href":"https:\/\/edwardmoufarrej.com\/fr\/wp-json\/wp\/v2\/media?parent=20"}],"curies":[{"name":"wp","href":"https:\/\/api.w.org\/{rel}","templated":true}]}}